{"id":365,"date":"2020-09-18T17:07:03","date_gmt":"2020-09-18T20:07:03","guid":{"rendered":"https:\/\/relinkare.org\/tirinhos\/?page_id=365"},"modified":"2026-04-01T17:27:06","modified_gmt":"2026-04-01T20:27:06","slug":"downloads","status":"publish","type":"page","link":"https:\/\/relinkare.org\/tirinhos\/downloads\/","title":{"rendered":"BAIXAR"},"content":{"rendered":"\n<p><strong><a href=\"https:\/\/drive.google.com\/file\/d\/1ngb2muQamYKWrF729piNVO9q4CLfk8mO\/view\" target=\"_blank\" rel=\"noreferrer noopener\">Baixar o livro em pdf<\/a><\/strong><\/p>\n\n\n\n<p><\/p>\n\n\n\n<p><strong>Instalar vers\u00e3o PWA: <\/strong><a href=\"https:\/\/relinkare.org\/tirinhosapp\/\">https:\/\/relinkare.org\/tirinhosapp<\/a><\/p>\n\n\n\n<p><em>observa\u00e7\u00e3o : o app n\u00e3o rola pra iphone por enquanto \ud83d\ude41<\/em><\/p>\n\n\n\n<p><strong>Mande um tirinho pra algu\u00e9m!<\/strong><\/p>\n","protected":false},"excerpt":{"rendered":"<p>Baixar o livro em pdf Instalar vers\u00e3o PWA: https:\/\/relinkare.org\/tirinhosapp observa\u00e7\u00e3o : o app n\u00e3o rola pra iphone por enquanto \ud83d\ude41 Mande um tirinho pra algu\u00e9m!<\/p>\n","protected":false},"author":1,"featured_media":0,"parent":0,"menu_order":0,"comment_status":"closed","ping_status":"closed","template":"","meta":{"_kad_post_transparent":"","_kad_post_title":"","_kad_post_layout":"","_kad_post_sidebar_id":"","_kad_post_content_style":"","_kad_post_vertical_padding":"","_kad_post_feature":"","_kad_post_feature_position":"","_kad_post_header":false,"_kad_post_footer":false,"_kad_post_classname":"","footnotes":""},"class_list":["post-365","page","type-page","status-publish","hentry"],"_links":{"self":[{"href":"https:\/\/relinkare.org\/tirinhos\/wp-json\/wp\/v2\/pages\/365","targetHints":{"allow":["GET"]}}],"collection":[{"href":"https:\/\/relinkare.org\/tirinhos\/wp-json\/wp\/v2\/pages"}],"about":[{"href":"https:\/\/relinkare.org\/tirinhos\/wp-json\/wp\/v2\/types\/page"}],"author":[{"embeddable":true,"href":"https:\/\/relinkare.org\/tirinhos\/wp-json\/wp\/v2\/users\/1"}],"replies":[{"embeddable":true,"href":"https:\/\/relinkare.org\/tirinhos\/wp-json\/wp\/v2\/comments?post=365"}],"version-history":[{"count":13,"href":"https:\/\/relinkare.org\/tirinhos\/wp-json\/wp\/v2\/pages\/365\/revisions"}],"predecessor-version":[{"id":1335,"href":"https:\/\/relinkare.org\/tirinhos\/wp-json\/wp\/v2\/pages\/365\/revisions\/1335"}],"wp:attachment":[{"href":"https:\/\/relinkare.org\/tirinhos\/wp-json\/wp\/v2\/media?parent=365"}],"curies":[{"name":"wp","href":"https:\/\/api.w.org\/{rel}","templated":true}]}}