{"id":938,"date":"2020-02-18T19:42:19","date_gmt":"2020-02-18T19:42:19","guid":{"rendered":"https:\/\/relinkare.org\/site\/?page_id=938"},"modified":"2025-04-06T17:05:16","modified_gmt":"2025-04-06T17:05:16","slug":"livros","status":"publish","type":"page","link":"https:\/\/relinkare.org\/site\/livros\/","title":{"rendered":"livros"},"content":{"rendered":"\n<p><\/p>\n\n\n\n<div class=\"wp-block-columns is-layout-flex wp-container-core-columns-is-layout-9d6595d7 wp-block-columns-is-layout-flex\">\n<div class=\"wp-block-column is-layout-flow wp-block-column-is-layout-flow\" style=\"flex-basis:33.33%\">\n<figure class=\"wp-block-image size-large\"><a href=\"https:\/\/play.google.com\/store\/apps\/details?id=com.tirinhos.relinkare\" target=\"_blank\" rel=\"noopener noreferrer\"><img loading=\"lazy\" decoding=\"async\" width=\"670\" height=\"670\" src=\"https:\/\/relinkare.org\/site\/wp-content\/uploads\/2020\/10\/tirinhos_logo.png\" alt=\"\" class=\"wp-image-1048\" srcset=\"https:\/\/relinkare.org\/site\/wp-content\/uploads\/2020\/10\/tirinhos_logo.png 670w, https:\/\/relinkare.org\/site\/wp-content\/uploads\/2020\/10\/tirinhos_logo-580x580.png 580w, https:\/\/relinkare.org\/site\/wp-content\/uploads\/2020\/10\/tirinhos_logo-150x150.png 150w\" sizes=\"auto, (max-width: 670px) 100vw, 670px\" \/><\/a><\/figure>\n<\/div>\n\n\n\n<div class=\"wp-block-column is-layout-flow wp-block-column-is-layout-flow\" style=\"flex-basis:66.66%\">\n<p><strong>#tirinhos<\/strong><br>S\u00e9rie po\u00e9tica em p\u00edlulas, aforismos e trovas.<br><\/p>\n\n\n\n<p><a href=\"https:\/\/play.google.com\/store\/apps\/details?id=org.relinkare.twa\" target=\"_blank\" rel=\"noreferrer noopener\">Baixar aplicativo<\/a><br><a href=\"https:\/\/drive.google.com\/file\/d\/1ngb2muQamYKWrF729piNVO9q4CLfk8mO\/view\" target=\"_blank\" rel=\"noreferrer noopener\">Baixar livro em pdf<\/a><br>Site: <a href=\"https:\/\/relinkare.org\/tirinhos\/\" target=\"_blank\" rel=\"noreferrer noopener\">https:\/\/relinkare.org\/tirinhos\/<\/a><br>2020<\/p>\n<\/div>\n<\/div>\n\n\n\n<div class=\"wp-block-columns is-layout-flex wp-container-core-columns-is-layout-9d6595d7 wp-block-columns-is-layout-flex\">\n<div class=\"wp-block-column is-layout-flow wp-block-column-is-layout-flow\" style=\"flex-basis:33.33%\">\n<figure class=\"wp-block-image size-large\"><img loading=\"lazy\" decoding=\"async\" width=\"255\" height=\"391\" src=\"https:\/\/relinkare.org\/site\/wp-content\/uploads\/2020\/10\/dois-toques_capa-1.jpg\" alt=\"\" class=\"wp-image-1045\"\/><\/figure>\n<\/div>\n\n\n\n<div class=\"wp-block-column is-layout-flow wp-block-column-is-layout-flow\" style=\"flex-basis:66.66%\">\n<p><strong>Dois Toques<\/strong><br>Poemas e minicontos, com apresenta\u00e7\u00e3o de Moduan Matus e projeto gr\u00e1fico de Thiago Venturotti. Com Ricardo Rodrigues.<br>CGB Editora, 2018<br><strong><a rel=\"noreferrer noopener\" href=\"https:\/\/relinkare.org\/site\/explicativa\/\" target=\"_blank\">Comprar<\/a><\/strong><\/p>\n<\/div>\n<\/div>\n\n\n\n<div class=\"wp-block-columns is-layout-flex wp-container-core-columns-is-layout-9d6595d7 wp-block-columns-is-layout-flex\">\n<div class=\"wp-block-column is-layout-flow wp-block-column-is-layout-flow\" style=\"flex-basis:33.33%\">\n<figure class=\"wp-block-image size-large\"><img loading=\"lazy\" decoding=\"async\" width=\"332\" height=\"499\" src=\"https:\/\/relinkare.org\/site\/wp-content\/uploads\/2020\/10\/rio_2065_capa-1.jpg\" alt=\"\" class=\"wp-image-1043\"\/><\/figure>\n<\/div>\n\n\n\n<div class=\"wp-block-column is-layout-flow wp-block-column-is-layout-flow\" style=\"flex-basis:66.66%\">\n<p><strong>Rio 2065 <\/strong><br>Participa\u00e7\u00e3o nessa antologia de contos organizada por \u00c9cio Salles e Julio Ludemir.<br>Editora Casa da Palavra, 2016<\/p>\n<\/div>\n<\/div>\n\n\n\n<div class=\"wp-block-columns is-layout-flex wp-container-core-columns-is-layout-9d6595d7 wp-block-columns-is-layout-flex\">\n<div class=\"wp-block-column is-layout-flow wp-block-column-is-layout-flow\" style=\"flex-basis:33.33%\">\n<figure class=\"wp-block-image size-large\"><img loading=\"lazy\" decoding=\"async\" width=\"424\" height=\"675\" src=\"https:\/\/relinkare.org\/site\/wp-content\/uploads\/2020\/02\/capa-CEROLFININHO.jpg\" alt=\"\" class=\"wp-image-941\"\/><\/figure>\n<\/div>\n\n\n\n<div class=\"wp-block-column is-layout-flow wp-block-column-is-layout-flow\" style=\"flex-basis:66.66%\">\n<p><strong>O Cerol Fininho da Baixada<\/strong><br>A partir da hist\u00f3ria do cineclube Mate Com Angu o livro mostra a atividade de um coletivo de audiovisual na periferia do pa\u00eds, no caso a Baixada Fluminense. O volume faz parte da Cole\u00e7\u00e3o Tramas Urbanas.<br>Editora Aeroplano, 2013<br><\/p>\n\n\n\n<p><strong><a href=\"https:\/\/drive.google.com\/file\/d\/10EhYaZXg9Gk861fX8qCJRknEMTm-vVEF\/view?usp=drive_link\" target=\"_blank\" rel=\"noreferrer noopener\">Baixar<\/a><\/strong><br>Site: <a href=\"https:\/\/matecomangu.org\/cerolfininho\" target=\"_blank\" rel=\"noreferrer noopener\">https:\/\/matecomangu.org\/cerolfininho<\/a><\/p>\n<\/div>\n<\/div>\n\n\n\n<div class=\"wp-block-columns is-layout-flex wp-container-core-columns-is-layout-9d6595d7 wp-block-columns-is-layout-flex\">\n<div class=\"wp-block-column is-layout-flow wp-block-column-is-layout-flow\" style=\"flex-basis:33.33%\">\n<figure class=\"wp-block-image size-large\"><img loading=\"lazy\" decoding=\"async\" width=\"422\" height=\"587\" src=\"https:\/\/relinkare.org\/site\/wp-content\/uploads\/2020\/02\/Captura-de-tela-de-2018-07-21-12-12-22.png\" alt=\"\" class=\"wp-image-944\"\/><\/figure>\n<\/div>\n\n\n\n<div class=\"wp-block-column is-layout-flow wp-block-column-is-layout-flow\" style=\"flex-basis:66.66%\">\n<p><strong>Mate 10 Anos<\/strong><br>Reuni\u00e3o de textos mensais do cineclube Mate Com Angu de 2002 a 2012.<br><\/p>\n\n\n\n<p><strong><a href=\"https:\/\/drive.google.com\/file\/d\/1YW13t6s2oalF7su_-qDlLBPi2CwW9pWs\/view?usp=sharing\" target=\"_blank\" rel=\"noreferrer noopener\">Baixar<\/a><\/strong><br>Site: <a rel=\"noreferrer noopener\" href=\"https:\/\/matecomangu.org\" target=\"_blank\">https:\/\/matecomangu.org<\/a><br>2012<\/p>\n<\/div>\n<\/div>\n\n\n\n<div class=\"wp-block-columns is-layout-flex wp-container-core-columns-is-layout-9d6595d7 wp-block-columns-is-layout-flex\">\n<div class=\"wp-block-column is-layout-flow wp-block-column-is-layout-flow\" style=\"flex-basis:33.33%\">\n<figure class=\"wp-block-image size-large\"><img loading=\"lazy\" decoding=\"async\" width=\"323\" height=\"380\" src=\"https:\/\/relinkare.org\/site\/wp-content\/uploads\/2020\/10\/capa_engenharia-de-aviaozinho.jpg\" alt=\"\" class=\"wp-image-1042\"\/><\/figure>\n<\/div>\n\n\n\n<div class=\"wp-block-column is-layout-flow wp-block-column-is-layout-flow\" style=\"flex-basis:66.66%\">\n<p><strong>Engenharia de Avi\u00e3ozinho<\/strong><br>Livro de poemas com pref\u00e1cio de Vicente Portella e design gr\u00e1fico de Thiago Venturotti.<br>Esteio Editora, 2009<br><\/p>\n\n\n\n<p><strong><a href=\"https:\/\/drive.google.com\/file\/d\/1w28alMmQlV0NPDu6dxeknBRK_CRy2-Wu\/view?usp=sharing\" target=\"_blank\" rel=\"noreferrer noopener\">Baixar<\/a><\/strong><br>Site: <a rel=\"noreferrer noopener\" href=\"http:\/\/relinkare.com.br\/engenharia\" target=\"_blank\">http:\/\/relinkare.com.br\/engenharia<\/a><\/p>\n<\/div>\n<\/div>\n","protected":false},"excerpt":{"rendered":"<p>#tirinhosS\u00e9rie po\u00e9tica em p\u00edlulas, aforismos e trovas. Baixar aplicativoBaixar livro em pdfSite: https:\/\/relinkare.org\/tirinhos\/2020 Dois ToquesPoemas e minicontos, com apresenta\u00e7\u00e3o de Moduan Matus e projeto gr\u00e1fico de Thiago Venturotti. Com Ricardo Rodrigues.CGB Editora, 2018Comprar Rio 2065 Participa\u00e7\u00e3o nessa antologia de contos&#8230;<br \/><a class=\"read-more-button\" href=\"https:\/\/relinkare.org\/site\/livros\/\">Leia mais&#8230;<\/a><\/p>\n","protected":false},"author":1,"featured_media":0,"parent":0,"menu_order":0,"comment_status":"closed","ping_status":"closed","template":"","meta":{"_kadence_starter_templates_imported_post":false,"footnotes":""},"class_list":["post-938","page","type-page","status-publish","hentry"],"_links":{"self":[{"href":"https:\/\/relinkare.org\/site\/wp-json\/wp\/v2\/pages\/938","targetHints":{"allow":["GET"]}}],"collection":[{"href":"https:\/\/relinkare.org\/site\/wp-json\/wp\/v2\/pages"}],"about":[{"href":"https:\/\/relinkare.org\/site\/wp-json\/wp\/v2\/types\/page"}],"author":[{"embeddable":true,"href":"https:\/\/relinkare.org\/site\/wp-json\/wp\/v2\/users\/1"}],"replies":[{"embeddable":true,"href":"https:\/\/relinkare.org\/site\/wp-json\/wp\/v2\/comments?post=938"}],"version-history":[{"count":26,"href":"https:\/\/relinkare.org\/site\/wp-json\/wp\/v2\/pages\/938\/revisions"}],"predecessor-version":[{"id":1292,"href":"https:\/\/relinkare.org\/site\/wp-json\/wp\/v2\/pages\/938\/revisions\/1292"}],"wp:attachment":[{"href":"https:\/\/relinkare.org\/site\/wp-json\/wp\/v2\/media?parent=938"}],"curies":[{"name":"wp","href":"https:\/\/api.w.org\/{rel}","templated":true}]}}