{"id":596,"date":"2016-11-24T15:56:21","date_gmt":"2016-11-24T15:56:21","guid":{"rendered":"http:\/\/relinkare.org\/site\/?page_id=596"},"modified":"2020-02-18T03:06:38","modified_gmt":"2020-02-18T03:06:38","slug":"canal-de-video","status":"publish","type":"page","link":"https:\/\/relinkare.org\/site\/canal-de-video\/","title":{"rendered":"v\u00eddeos"},"content":{"rendered":"<div class=\"ytwd_container_wrapper ytwd_container_wrapper3\">    <div class=\"ytwd_container\">        <div id=\"ytwd_container_1\">            <div id=\"ytwd_container_2\" >            <style>\t.ytwd_channel_data3{\t\tbackground:#fff;\t}    .ytwd_channel_title3 , .ytwd_channel_title3 a {        color: #545454!important;        font-size: 24px!important;        margin-bottom: 5px;    }    .ytwd_channel_desc3{        color: #545454;        font-size: 13px;\t\tpadding: 4px 10px 4px 6px;    }    .ytwd_channel_statistics3 span{        color: #959595;        font-size: 15px;    }    .ytwd_channel_banner3{\t\t\t\t\t\tbackground-image: url(https:\/\/yt3.googleusercontent.com\/cE0LDqT7qXxnAuGrAbYoeIXQIa2CrNiLtpiQwSO_1ZFim-NJUgdqcskXLCaajUVRhxh8ezOF8A);\t\t\t\t\tmargin: 10px 0px; \t\t\theight: 220px;\t\t\t\t\t} \t.ytwd_videos_count3{\t\tcolor: #959595;\t\tfont-size: 14px;\t\ttext-align: center;\t\tmargin-top: 5px;\t\t\t}\t.ytwd_playlist_published_at3{\t\tcolor: #959595;\t\tfont-size: 14px;\t}\t\t.ytwd_playlist_data3{\t\tbackground: #fff;\t\tpadding: 0px 0px 0px 0px;\t}\t.ytwd_playlist_data3 .ytwd_channel_info_cell:last-child{\t\twidth: 120px;\t}<\/style><div class=\"ytwd_channel_header_wrapper ytwd_channel_header_wrapper3\">\t\t\t\t<div class=\"ytwd_channel_data3\">\t\t\t<div class=\"ytwd_channel_banner ytwd_channel_banner3\">\t\t\t\t\t\t\t\t\t<a href=\"https:\/\/www.youtube.com\/channel\/UCkrtvG7y6y9xQuYy-yqSjyg\" class=\"ytwd_channel_logo\" target=\"_blank\">\t\t\t\t\t\t<img decoding=\"async\" src=\"https:\/\/yt3.ggpht.com\/ytc\/AIdro_n3q7dF3-7xqWW4thdRhKiuECpnuprNPRYRxLAeNU4_UA=s88-c-k-c0x00ffffff-no-rj\" >\t\t\t\t\t<\/a>\t\t\t\t\t\t\t<\/div>\t\t\t<div class=\"ytwd_channel_statistics ytwd_channel_statistics3\">\t\t\t\t\t\t\t\t<span>\t\t\t\t\t<i class=\"fa fa-youtube-play\" title=\"Videos Count\"><\/i>\t\t\t\t\t113\t\t\t\t<\/span>\t\t\t\t                    \t\t\t\t<span>\t\t\t\t\t<i class=\"fa fa-user\" title=\"Subscribers\"><\/i>\t\t\t\t\t538\t\t\t\t<\/span>\t\t\t\t                  \t\t\t\t<span>\t\t\t\t\t<i class=\"fa fa-eye\" title=\"Views\"><\/i>\t\t\t\t\t71.1K\t\t\t\t<\/span> \t\t\t\t\t\t\t<\/div>\t\t\t\t\t<div class=\"ytwd_channel_info ytwd_channel_info_table\">\t\t\t\t<div class=\"ytwd_channel_info_cell\">\t\t\t\t\t\t\t\t\t\t\t<div class=\"ytwd_channel_title ytwd_channel_title3\">\t\t\t\t\t\t\t\t\t\t\t\t\t\t\t<a href=\"https:\/\/www.youtube.com\/channel\/UCkrtvG7y6y9xQuYy-yqSjyg\" target=\"_blank\">relinkare<\/a>\t\t\t\t\t\t\t\t\t\t\t\t\t\t\t\t\t\t\t\t<\/div>\t\t\t\t\t               \t\t\t\t<\/div>\t\t\t\t\t\t\t\t<div class=\"ytwd_channel_info_cell\">\t\t\t\t\t<div class=\"ytwd_channel_subscribe_btn\">\t\t\t\t\t   \t\t\t\t\t\t\t<div class=\"ytwd_subscripe_wrapper\">\t\t\t\t\t\t\t\t<div class=\"g-ytsubscribe\" data-channelid=\"UCkrtvG7y6y9xQuYy-yqSjyg\" data-layout=\"default\" data-count=\"default\" ><\/div>\t\t\t\t\t\t\t<\/div>\t\t\t\t\t\t                                    \t\t\t\t\t<\/div>\t\t\t\t<\/div> \t\t\t<\/div>\t\t\t\t\t\t\t\t<div class=\"ytwd_channel_desc ytwd_channel_desc3\">\t\t\t\t\t\tCanal de v\u00eddeos de Heraldo HB - sendo refeito. O canal heraldohb original me foi cortado o acesso... Embora continue no ar em www.youtube.com\/heraldohbEsse agora ent\u00e3o passa a ser o oficial, sob o nome da relinkare produ\u00e7\u00f5es.\t\t\t\t\t<\/div>\t\t\t\t\t<\/div>\t      <\/div><div class=\"ytwd_iframe_container3\" >        <div class=\"ytwd_iframe_wrapper\">        <div class=\"ytwd_iframe_black_wrapper_0 ytwd_iframe_black_wrapper_03\">          <div class=\"ytwd_iframe_black_wrapper ytwd_iframe_black_wrapper3\">                            <div data-src=\"https:\/\/www.youtube.com\/embed\/BgddKjl54tk?autoplay=0&color=red&theme&controls=1&fs=1&loop=0&iv_load_policy=1&cc_load_policy=0&playsinline=0&wmode=opaque&start=0&end=0&enablejsapi=1&version=3\" frameborder=\"0\" enablejsapi=\"1\" allowfullscreen id=\"ytwd_main_iframe3\" class=\"ytwd_main_iframe\" data-id=\"3\" data-title=\"Soneto de Fidelidade, de Vin\u00edcius de Moraes por Canthidio Vallete (2014)\" data-youtube-title=\"relinkare\" data-video-id=\"BgddKjl54tk\"><\/div>                                    <\/div>        <\/div>    <\/div>       <div class=\"ytwd_main_video_info ytwd_main_video_info3\">            <div class=\"ytwd_video_title ytwd_video_title3\">\t\t\tSoneto de Fidelidade, de Vin\u00edcius de Moraes por Canthidio Vallete (2014)\t\t        <\/div>                       <div class=\"ytwd_video_statistics ytwd_video_statistics3\">    \t\t<div class=\"ytwd_main_video_channel_data ytwd_main_video_channel_data3\">\t\t\t<div class=\"ytwd_main_video_channel_title_subscripe\">\t\t\t\t\t\t\t\t\t<div class=\"ytwd_main_video_subscripe_wrapper\">\t\t\t\t\t\t<div class=\"g-ytsubscribe\" data-channelId=\"UCkrtvG7y6y9xQuYy-yqSjyg\" data-layout=\"default\" data-count=\"default\" data-theme=\"default\"><\/div>    \t\t\t\t\t<\/div>\t\t\t\t \t\t\t<\/div>\t\t<\/div>         <div class=\"ytwd_main_video_statistics\">                                <div class=\"ytwd_video_view_counts ytwd_video_view_counts3\">                    <span>1 views<\/span>                 <\/div>                        <div class=\"ytwd_likes_dislikes3\">                                        <i class=\"fa fa-thumbs-up\" title=\"Likes Count\"><\/i>                        0&nbsp;&nbsp;&nbsp;            <\/div>           <\/div>       <\/div>        \t\t\t<div class=\"ytwd_show_more_divaider\">\t\t\t\t<div class=\"ytwd_short_more_info ytwd_short_more_info3\" >\t\t\t\t\t\t\t\t\t\t\t<div class=\"ytwd_video_published_at3\">\t\t\t\t\t\t\tPublished at 2026, January 25 \t\t\t\t\t\t<\/div>\t\t\t\t\t\t\t\t\t\t\t<div class=\"ytwd_video_description3 ytwd_video_description\" >\t\t\t\t\t\t\tEm fevereiro de 2014, quando minha velha c\u00e2mera canon t3i era novinha, chegou em casa um dia minha  \t\t\t\t\t\t<\/div>\t\t\t\t\t\t\t\t\t\t\t<\/div>\t\t\t\t\t\t\t<div style=\"cursor: pointer\" class=\"ytwd_load_toggle ytwd_load_toggle3\">Show More<\/div>\t\t\t<\/div>\t\t\t    <div class=\"ytwd_more_info ytwd_more_info3\" style=\"display:none;\">                                <div class=\"ytwd_video_published_at3\">                Published at 2026, January 25             <\/div>                    <div class=\"ytwd_video_description3 ytwd_video_description\" >                Em fevereiro de 2014, quando minha velha c\u00e2mera canon t3i era novinha, chegou em casa um dia minha lente 50mm e fiquei todo feliz. Nesse mesmo dia chegou para uma visita o Canth\u00eddio, cantor e compositor dos bons, amigo querido a quem admiro muito. Era centen\u00e1rio do Vin\u00edcius de Moraes, conversamos, fiz um caf\u00e9 e ele me mostrou essa melodia. Filmamos e deu nisso.             <\/div>            <\/div><\/div><style>\t.ytwd_main_video_info3{\t\tbackground: #fff;\t\t\t}    .ytwd_video_title3 , .ytwd_video_title3 a{        color: #080808 !important;        font-size: 25px !important;        margin: 15px 0px;            }\t.ytwd_video_title3 a:hover{\t\tcolor: #959595!important;\t}\t    .ytwd_share_btns3{        margin: 5px 0px;     }    .ytwd_share_btns3 a{        color: #959595!important;        font-size: 18px;        text-decoration: none !important;        border-bottom: none !important;    }    .ytwd_share_btns3 a:hover{        opacity: 0.7;        text-decoration: none !important;    }    .ytwd_video_view_counts3{        color: #080808;        font-size: 20px;    }       .ytwd_likes_dislikes3{        color: #959595;        font-size: 16px;        clear: both;    }    .ytwd_video_published_at3{        color: #545454;        font-size: 16px;        margin-bottom: 10px;    }    .ytwd_video_description3{        color: #545454;        font-size: 13px;        margin: 15px 0px;    }     .ytwd_main_video_channel_title3 a{        color: #545454 !important;        font-size: 13px !important;    }\t<\/style><\/div><style>    .ytwd_iframe_black_wrapper_03{        width: 100%;        margin: 0 auto;\t\tposition: relative;\t\t\t    }            .ytwd_iframe_black_wrapper3 {        position: relative;        height: 0;        overflow: hidden;        padding-top: 56.25%;    }    #ytwd_main_iframe3 {        position: absolute;        top: 0;        left: 0;        bottom: 0;        right: 0;        width: 100%;        height: 100%;        border: none;    }    \t<\/style><div class=\"ytwd_gallery_container ytwd_gallery_container3\">    <div class=\"ytwd_loading_wrapper ytwd_loading_wrapper3\">                <div class=\"ytwd_loading ytwd_loading3\">            <img decoding=\"async\" src=\"https:\/\/relinkare.org\/site\/wp-content\/plugins\/wd-youtube\/assets\/loader.png\" class=\"ytwd_loader\">          <\/div>          <\/div>    <\/div>            <\/div>        <\/div>    <\/div><\/div><script>    if(typeof ytwdData == 'undefined'){        var ytwdData = {};    }    ytwdData[\"ID\" + \"3\"] = \"1\";    ytwdData[\"embedType\" + \"3\"] = \"2\";    ytwdData[\"enableGallery\" + \"3\"] = \"1\";    ytwdData[\"youtube_id\" + \"3\"] = \"UCkrtvG7y6y9xQuYy-yqSjyg\";    ytwdData[\"videoQuality\" + \"3\"] = \"default\";    ytwdData[\"initialVolume\" + \"3\"] = \"50\";    ytwdData[\"thumbsColumnCount\" + \"3\"] = \"4\";    ytwdData[\"firstClick\" + \"3\"] = true;    ytwdData[\"loadingEffects\" + \"3\"] = \"none\";    ytwdData[\"totalPages\" + \"3\"] = Number(\"114\");    ytwdData[\"itemsCountPerPage\" + \"3\"] = Number(\"20\"); \t  ytwdData[\"thumbsWidth\" + \"3\"] = \"100\";    ytwdData[\"videoAdditionalInfo\" + \"3\"] = \"published_at,title,desc,views_count,likes,dislikes,subscribe_btn\";    jQuery(window).on(\"load\",function() {        youTubeReadyFunction('3');    });<\/script>\n","protected":false},"excerpt":{"rendered":"","protected":false},"author":1,"featured_media":0,"parent":0,"menu_order":2,"comment_status":"closed","ping_status":"closed","template":"template-onecolumn.php","meta":{"_kadence_starter_templates_imported_post":false,"footnotes":""},"class_list":["post-596","page","type-page","status-publish","hentry"],"_links":{"self":[{"href":"https:\/\/relinkare.org\/site\/wp-json\/wp\/v2\/pages\/596","targetHints":{"allow":["GET"]}}],"collection":[{"href":"https:\/\/relinkare.org\/site\/wp-json\/wp\/v2\/pages"}],"about":[{"href":"https:\/\/relinkare.org\/site\/wp-json\/wp\/v2\/types\/page"}],"author":[{"embeddable":true,"href":"https:\/\/relinkare.org\/site\/wp-json\/wp\/v2\/users\/1"}],"replies":[{"embeddable":true,"href":"https:\/\/relinkare.org\/site\/wp-json\/wp\/v2\/comments?post=596"}],"version-history":[{"count":5,"href":"https:\/\/relinkare.org\/site\/wp-json\/wp\/v2\/pages\/596\/revisions"}],"predecessor-version":[{"id":902,"href":"https:\/\/relinkare.org\/site\/wp-json\/wp\/v2\/pages\/596\/revisions\/902"}],"wp:attachment":[{"href":"https:\/\/relinkare.org\/site\/wp-json\/wp\/v2\/media?parent=596"}],"curies":[{"name":"wp","href":"https:\/\/api.w.org\/{rel}","templated":true}]}}