{"id":49,"date":"2012-10-14T17:08:37","date_gmt":"2012-10-14T17:08:37","guid":{"rendered":"http:\/\/relinkare.org\/site\/?page_id=49"},"modified":"2023-10-02T01:52:02","modified_gmt":"2023-10-02T01:52:02","slug":"sobre","status":"publish","type":"page","link":"https:\/\/relinkare.org\/site\/sobre\/","title":{"rendered":"relinkare"},"content":{"rendered":"<p><img loading=\"lazy\" decoding=\"async\" class=\"aligncenter wp-image-1250 size-medium\" src=\"https:\/\/relinkare.org\/site\/wp-content\/uploads\/2023\/10\/relinkare-580x319.jpg\" alt=\"RELINKARE\" width=\"580\" height=\"319\" srcset=\"https:\/\/relinkare.org\/site\/wp-content\/uploads\/2023\/10\/relinkare-580x319.jpg 580w, https:\/\/relinkare.org\/site\/wp-content\/uploads\/2023\/10\/relinkare-940x516.jpg 940w, https:\/\/relinkare.org\/site\/wp-content\/uploads\/2023\/10\/relinkare-768x422.jpg 768w, https:\/\/relinkare.org\/site\/wp-content\/uploads\/2023\/10\/relinkare.jpg 974w\" sizes=\"auto, (max-width: 580px) 100vw, 580px\" \/><\/p>\n<p><strong>relinkare<\/strong> \u00e9\u00a0o nome da produtora respons\u00e1vel por boa parte das coisas em que sou metido a fazer nas \u00e1reas de literatura, audiovisual, anima\u00e7\u00e3o cultural e produ\u00e7\u00e3o de eventos.<\/p>\n<p><strong>relinkare\u00a0<\/strong>tamb\u00e9m \u00e9 o nome desse site pessoal onde re\u00fano produ\u00e7\u00f5es minhas textuais e audiovisuais, e onde publico pitacos sobre cultura, software, pol\u00edtica, m\u00fasica e \u201cwhatever\u201d.<\/p>\n<p><strong>relinkare<\/strong> tamb\u00e9m \u00e9 o nome gen\u00e9rico que dou \u00e0s\u00a0minhas reflex\u00f5es sobre as rela\u00e7\u00f5es entre a cultura, o tempo e as percep\u00e7\u00f5es sobre o impacto da informa\u00e7\u00e3o em nossas vidas. Que poderiam ser resumidas assim: a quantidade de informa\u00e7\u00f5es que absorvemos j\u00e1 est\u00e1 chegando a\u00a0um grau avassalador a ponto de n\u00e3o conseguirmos acompanhar, nem mesmo em nossas pr\u00f3prias \u00e1reas espec\u00edficas de atua\u00e7\u00e3o. E esse ritmo s\u00f3 tende a\u00a0crescer exponencialmente. A abordagem relinkare sugere\u00a0que o \u00fanico jeito de lidar bem com esse fluxo de uma forma saud\u00e1vel \u00e9 investir nas coisas com alma (<em>\u00e2nima<\/em>), que tenham mesmo a ver com voc\u00ea e que valham a pena de verdade. Para perceber isso, o grande desafio \u00e9 olhar para dentro de si mesmo. Reestabelecer os links com o outro, com o ambiente em que se vive e consigo mesmo. <strong>relinkare<\/strong>.<\/p>\n<p><em>A alma \u00e9 a propaganda do neg\u00f3cio.<\/em><\/p>\n<p>heraldo hb<\/p>\n","protected":false},"excerpt":{"rendered":"<p>relinkare \u00e9\u00a0o nome da produtora respons\u00e1vel por boa parte das coisas em que sou metido a fazer nas \u00e1reas de literatura, audiovisual, anima\u00e7\u00e3o cultural e produ\u00e7\u00e3o de eventos. relinkare\u00a0tamb\u00e9m \u00e9 o nome desse site pessoal onde re\u00fano produ\u00e7\u00f5es minhas textuais&#8230;<br \/><a class=\"read-more-button\" href=\"https:\/\/relinkare.org\/site\/sobre\/\">Leia mais&#8230;<\/a><\/p>\n","protected":false},"author":1,"featured_media":0,"parent":0,"menu_order":0,"comment_status":"closed","ping_status":"closed","template":"","meta":{"_kadence_starter_templates_imported_post":false,"footnotes":""},"class_list":["post-49","page","type-page","status-publish","hentry"],"_links":{"self":[{"href":"https:\/\/relinkare.org\/site\/wp-json\/wp\/v2\/pages\/49","targetHints":{"allow":["GET"]}}],"collection":[{"href":"https:\/\/relinkare.org\/site\/wp-json\/wp\/v2\/pages"}],"about":[{"href":"https:\/\/relinkare.org\/site\/wp-json\/wp\/v2\/types\/page"}],"author":[{"embeddable":true,"href":"https:\/\/relinkare.org\/site\/wp-json\/wp\/v2\/users\/1"}],"replies":[{"embeddable":true,"href":"https:\/\/relinkare.org\/site\/wp-json\/wp\/v2\/comments?post=49"}],"version-history":[{"count":12,"href":"https:\/\/relinkare.org\/site\/wp-json\/wp\/v2\/pages\/49\/revisions"}],"predecessor-version":[{"id":1253,"href":"https:\/\/relinkare.org\/site\/wp-json\/wp\/v2\/pages\/49\/revisions\/1253"}],"wp:attachment":[{"href":"https:\/\/relinkare.org\/site\/wp-json\/wp\/v2\/media?parent=49"}],"curies":[{"name":"wp","href":"https:\/\/api.w.org\/{rel}","templated":true}]}}